{"id":489,"date":"2024-10-18T14:21:37","date_gmt":"2024-10-18T17:21:37","guid":{"rendered":"https:\/\/jornalismounaerp.com.br\/faro\/?page_id=489"},"modified":"2025-10-30T10:37:18","modified_gmt":"2025-10-30T13:37:18","slug":"expediente","status":"publish","type":"page","link":"https:\/\/jornalismounaerp.com.br\/faro\/expediente\/","title":{"rendered":"Expediente"},"content":{"rendered":"\t\t<div data-elementor-type=\"wp-page\" data-elementor-id=\"489\" class=\"elementor elementor-489\" data-elementor-post-type=\"page\">\n\t\t\t\t\t\t<section class=\"elementor-section elementor-top-section elementor-element elementor-element-c7fb176 elementor-section-boxed elementor-section-height-default elementor-section-height-default\" data-id=\"c7fb176\" data-element_type=\"section\" data-settings=\"{&quot;jet_parallax_layout_list&quot;:[]}\">\n\t\t\t\t\t\t<div class=\"elementor-container elementor-column-gap-default\">\n\t\t\t\t\t<div class=\"elementor-column elementor-col-100 elementor-top-column elementor-element elementor-element-b5cd967\" data-id=\"b5cd967\" data-element_type=\"column\">\n\t\t\t<div class=\"elementor-widget-wrap elementor-element-populated\">\n\t\t\t\t\t\t<div class=\"elementor-element elementor-element-ec4f9d3 elementor-widget elementor-widget-heading\" data-id=\"ec4f9d3\" data-element_type=\"widget\" data-widget_type=\"heading.default\">\n\t\t\t\t\t<h2 class=\"elementor-heading-title elementor-size-default\">Expediente<\/h2>\t\t\t\t<\/div>\n\t\t\t\t<div class=\"elementor-element elementor-element-3ea252c elementor-widget elementor-widget-text-editor\" data-id=\"3ea252c\" data-element_type=\"widget\" data-widget_type=\"text-editor.default\">\n\t\t\t\t\t\t\t\t\t<p><strong>2024.2<\/strong><\/p><p>O site FARO &#8211; F\u00e1brica Acad\u00eamica de Reportagens On-line \u00e9 um meio de informa\u00e7\u00e3o jornal\u00edstica produzido e veiculado pelo curso de Jornalismo da Unaerp \u2013 Universidade de Ribeir\u00e3o Preto.<\/p><p><strong>Coordenador do curso<\/strong><br \/>Prof. Geraldo (Gil) Santiago<\/p><p><strong>Editores<\/strong><br \/>Prof\u00aa Elivanete Zuppolini Barbi<br \/>Prof\u00aa Fl\u00e1via Martelli<br \/>Prof. Jefferson Barcellos<br \/>Prof. Paulo Apolin\u00e1rio<\/p><p><strong>Reportagem, Reda\u00e7\u00e3o e Produ\u00e7\u00e3o<\/strong><br \/>Alessia Barbosa; Ana Laura Santana; Ana Lu\u00edza Massoneti; Ana Ribeiro; Beatriz Teclo; Bruno Pereira; Caique Carvalho; Camila Torquette; Camilli Souza; Carlos Vertuan; Diana Japur; \u00c9rica Proen\u00e7a; Gabie Sert\u00f3rio; Gabriel Correa; Gabriel Luca; Gabriela Rodrigues; Guilherme Cardoso; Guilherme Roque; Gustavo Arc\u00eancio; Hugo Henrique; Isabelle Carlim; Jo\u00e3o Pedro Rehberger; Jos\u00e9 Oliveira; Jos\u00e9 Renato Vitorino de Fran\u00e7a; Joyce Pezzato; Laura Canesin; Laura Madalossi; Leonardo Couto; Leonardo Gibeli; Leonardo Ozima; Liz Barreto; Lucas Fagundes; Ma\u00edsa Orlando; Mariana Felipe; Marih\u00e1 Souto; Matheus Gumiero; Mayra Castro; Nat\u00e1lia Berbel; Nicolas Souza; Rafaela Siena; Ronaldo Siqueira Jr; Sarah Vitaliano; S\u00e9rgio Linhares; Susana Oliveira; Thais Etelvino; Vict\u00f3ria Arruda; Virg\u00ednia Peporini; Vit\u00f3ria Cristina Gomes.<\/p><p><strong>Assistente de Ensino e de TI<\/strong><br \/>Gabriel Bordonal<br \/>T\u00e9cnico respons\u00e1vel pelo Lecograf \u2013 Laborat\u00f3rio de Editora\u00e7\u00e3o Eletr\u00f4nica e Computa\u00e7\u00e3o Gr\u00e1fica<\/p><p><strong>Contato: <\/strong><br \/>Secretaria do Curso de Comunica\u00e7\u00e3o Social da Unaerp<br \/>Tel. e WhatsApp: (16) 3603.6716<br \/>Campus da Unaerp \u2013 Av. Cost\u00e1bile Romano, 2201 \u2013 Sala 2 Bloco H<br \/>Ribeir\u00e3o Preto \/ SP<\/p>\t\t\t\t\t\t\t\t<\/div>\n\t\t\t\t<div class=\"elementor-element elementor-element-4b16d28 elementor-widget elementor-widget-image\" data-id=\"4b16d28\" data-element_type=\"widget\" data-widget_type=\"image.default\">\n\t\t\t\t\t\t\t\t\t\t\t\t\t\t\t<img fetchpriority=\"high\" decoding=\"async\" width=\"800\" height=\"333\" src=\"https:\/\/jornalismounaerp.com.br\/faro\/wp-content\/uploads\/2024\/11\/Logo-Nova-Jor.png\" class=\"attachment-large size-large wp-image-2146\" alt=\"\" srcset=\"https:\/\/jornalismounaerp.com.br\/faro\/wp-content\/uploads\/2024\/11\/Logo-Nova-Jor.png 817w, https:\/\/jornalismounaerp.com.br\/faro\/wp-content\/uploads\/2024\/11\/Logo-Nova-Jor-300x125.png 300w, https:\/\/jornalismounaerp.com.br\/faro\/wp-content\/uploads\/2024\/11\/Logo-Nova-Jor-768x320.png 768w\" sizes=\"(max-width: 800px) 100vw, 800px\" \/>\t\t\t\t\t\t\t\t\t\t\t\t\t\t\t<\/div>\n\t\t\t\t\t<\/div>\n\t\t<\/div>\n\t\t\t\t\t<\/div>\n\t\t<\/section>\n\t\t\t\t<\/div>\n\t\t","protected":false},"excerpt":{"rendered":"<p>Expediente 2024.2 O site FARO &#8211; F\u00e1brica Acad\u00eamica de Reportagens On-line \u00e9 um meio de informa\u00e7\u00e3o jornal\u00edstica produzido e veiculado pelo curso de Jornalismo da Unaerp \u2013 Universidade de Ribeir\u00e3o Preto. Coordenador do cursoProf. Geraldo (Gil) Santiago EditoresProf\u00aa Elivanete Zuppolini BarbiProf\u00aa Fl\u00e1via MartelliProf. Jefferson BarcellosProf. Paulo Apolin\u00e1rio Reportagem, Reda\u00e7\u00e3o e Produ\u00e7\u00e3oAlessia Barbosa; Ana Laura Santana; [&hellip;]<\/p>\n","protected":false},"author":1,"featured_media":0,"parent":0,"menu_order":0,"comment_status":"closed","ping_status":"closed","template":"elementor_header_footer","meta":{"footnotes":""},"class_list":["post-489","page","type-page","status-publish","hentry"],"yoast_head":"<!-- This site is optimized with the Yoast SEO plugin v27.2 - https:\/\/yoast.com\/product\/yoast-seo-wordpress\/ -->\n<title>Expediente &#8211; FARO<\/title>\n<meta name=\"description\" content=\"F\u00e1brica Acad\u00eamica de Reportagens On-line\" \/>\n<meta name=\"robots\" content=\"index, follow, max-snippet:-1, max-image-preview:large, max-video-preview:-1\" \/>\n<link rel=\"canonical\" href=\"https:\/\/jornalismounaerp.com.br\/faro\/expediente\/\" \/>\n<meta property=\"og:locale\" content=\"pt_BR\" \/>\n<meta property=\"og:type\" content=\"article\" \/>\n<meta property=\"og:title\" content=\"Expediente &#8211; FARO\" \/>\n<meta property=\"og:description\" content=\"F\u00e1brica Acad\u00eamica de Reportagens On-line\" \/>\n<meta property=\"og:url\" content=\"https:\/\/jornalismounaerp.com.br\/faro\/expediente\/\" \/>\n<meta property=\"og:site_name\" content=\"FARO\" \/>\n<meta property=\"article:modified_time\" content=\"2025-10-30T13:37:18+00:00\" \/>\n<meta property=\"og:image\" content=\"http:\/\/jornalismounaerp.com.br\/faro\/wp-content\/uploads\/2024\/11\/Logo-Nova-Jor.png\" \/>\n<meta name=\"twitter:card\" content=\"summary_large_image\" \/>\n<meta name=\"twitter:label1\" content=\"Est. tempo de leitura\" \/>\n\t<meta name=\"twitter:data1\" content=\"2 minutos\" \/>\n<script type=\"application\/ld+json\" class=\"yoast-schema-graph\">{\"@context\":\"https:\/\/schema.org\",\"@graph\":[{\"@type\":\"WebPage\",\"@id\":\"https:\/\/jornalismounaerp.com.br\/faro\/expediente\/\",\"url\":\"https:\/\/jornalismounaerp.com.br\/faro\/expediente\/\",\"name\":\"Expediente &#8211; FARO\",\"isPartOf\":{\"@id\":\"https:\/\/jornalismounaerp.com.br\/faro\/#website\"},\"primaryImageOfPage\":{\"@id\":\"https:\/\/jornalismounaerp.com.br\/faro\/expediente\/#primaryimage\"},\"image\":{\"@id\":\"https:\/\/jornalismounaerp.com.br\/faro\/expediente\/#primaryimage\"},\"thumbnailUrl\":\"http:\/\/jornalismounaerp.com.br\/faro\/wp-content\/uploads\/2024\/11\/Logo-Nova-Jor.png\",\"datePublished\":\"2024-10-18T17:21:37+00:00\",\"dateModified\":\"2025-10-30T13:37:18+00:00\",\"description\":\"F\u00e1brica Acad\u00eamica de Reportagens On-line\",\"breadcrumb\":{\"@id\":\"https:\/\/jornalismounaerp.com.br\/faro\/expediente\/#breadcrumb\"},\"inLanguage\":\"pt-BR\",\"potentialAction\":[{\"@type\":\"ReadAction\",\"target\":[\"https:\/\/jornalismounaerp.com.br\/faro\/expediente\/\"]}]},{\"@type\":\"ImageObject\",\"inLanguage\":\"pt-BR\",\"@id\":\"https:\/\/jornalismounaerp.com.br\/faro\/expediente\/#primaryimage\",\"url\":\"https:\/\/jornalismounaerp.com.br\/faro\/wp-content\/uploads\/2024\/11\/Logo-Nova-Jor.png\",\"contentUrl\":\"https:\/\/jornalismounaerp.com.br\/faro\/wp-content\/uploads\/2024\/11\/Logo-Nova-Jor.png\",\"width\":817,\"height\":340},{\"@type\":\"BreadcrumbList\",\"@id\":\"https:\/\/jornalismounaerp.com.br\/faro\/expediente\/#breadcrumb\",\"itemListElement\":[{\"@type\":\"ListItem\",\"position\":1,\"name\":\"In\u00edcio\",\"item\":\"https:\/\/jornalismounaerp.com.br\/faro\/\"},{\"@type\":\"ListItem\",\"position\":2,\"name\":\"Expediente\"}]},{\"@type\":\"WebSite\",\"@id\":\"https:\/\/jornalismounaerp.com.br\/faro\/#website\",\"url\":\"https:\/\/jornalismounaerp.com.br\/faro\/\",\"name\":\"FARO\",\"description\":\"F\u00e1brica Acad\u00eamica de Reportagens On-line\",\"publisher\":{\"@id\":\"https:\/\/jornalismounaerp.com.br\/faro\/#organization\"},\"potentialAction\":[{\"@type\":\"SearchAction\",\"target\":{\"@type\":\"EntryPoint\",\"urlTemplate\":\"https:\/\/jornalismounaerp.com.br\/faro\/?s={search_term_string}\"},\"query-input\":{\"@type\":\"PropertyValueSpecification\",\"valueRequired\":true,\"valueName\":\"search_term_string\"}}],\"inLanguage\":\"pt-BR\"},{\"@type\":\"Organization\",\"@id\":\"https:\/\/jornalismounaerp.com.br\/faro\/#organization\",\"name\":\"F\u00e1brica Acad\u00eamica de Reportagens On-line\",\"url\":\"https:\/\/jornalismounaerp.com.br\/faro\/\",\"logo\":{\"@type\":\"ImageObject\",\"inLanguage\":\"pt-BR\",\"@id\":\"https:\/\/jornalismounaerp.com.br\/faro\/#\/schema\/logo\/image\/\",\"url\":\"https:\/\/jornalismounaerp.com.br\/faro\/wp-content\/uploads\/2024\/10\/farosocial.jpg\",\"contentUrl\":\"https:\/\/jornalismounaerp.com.br\/faro\/wp-content\/uploads\/2024\/10\/farosocial.jpg\",\"width\":600,\"height\":400,\"caption\":\"F\u00e1brica Acad\u00eamica de Reportagens On-line\"},\"image\":{\"@id\":\"https:\/\/jornalismounaerp.com.br\/faro\/#\/schema\/logo\/image\/\"}}]}<\/script>\n<!-- \/ Yoast SEO plugin. -->","yoast_head_json":{"title":"Expediente &#8211; FARO","description":"F\u00e1brica Acad\u00eamica de Reportagens On-line","robots":{"index":"index","follow":"follow","max-snippet":"max-snippet:-1","max-image-preview":"max-image-preview:large","max-video-preview":"max-video-preview:-1"},"canonical":"https:\/\/jornalismounaerp.com.br\/faro\/expediente\/","og_locale":"pt_BR","og_type":"article","og_title":"Expediente &#8211; FARO","og_description":"F\u00e1brica Acad\u00eamica de Reportagens On-line","og_url":"https:\/\/jornalismounaerp.com.br\/faro\/expediente\/","og_site_name":"FARO","article_modified_time":"2025-10-30T13:37:18+00:00","og_image":[{"url":"http:\/\/jornalismounaerp.com.br\/faro\/wp-content\/uploads\/2024\/11\/Logo-Nova-Jor.png","type":"","width":"","height":""}],"twitter_card":"summary_large_image","twitter_misc":{"Est. tempo de leitura":"2 minutos"},"schema":{"@context":"https:\/\/schema.org","@graph":[{"@type":"WebPage","@id":"https:\/\/jornalismounaerp.com.br\/faro\/expediente\/","url":"https:\/\/jornalismounaerp.com.br\/faro\/expediente\/","name":"Expediente &#8211; FARO","isPartOf":{"@id":"https:\/\/jornalismounaerp.com.br\/faro\/#website"},"primaryImageOfPage":{"@id":"https:\/\/jornalismounaerp.com.br\/faro\/expediente\/#primaryimage"},"image":{"@id":"https:\/\/jornalismounaerp.com.br\/faro\/expediente\/#primaryimage"},"thumbnailUrl":"http:\/\/jornalismounaerp.com.br\/faro\/wp-content\/uploads\/2024\/11\/Logo-Nova-Jor.png","datePublished":"2024-10-18T17:21:37+00:00","dateModified":"2025-10-30T13:37:18+00:00","description":"F\u00e1brica Acad\u00eamica de Reportagens On-line","breadcrumb":{"@id":"https:\/\/jornalismounaerp.com.br\/faro\/expediente\/#breadcrumb"},"inLanguage":"pt-BR","potentialAction":[{"@type":"ReadAction","target":["https:\/\/jornalismounaerp.com.br\/faro\/expediente\/"]}]},{"@type":"ImageObject","inLanguage":"pt-BR","@id":"https:\/\/jornalismounaerp.com.br\/faro\/expediente\/#primaryimage","url":"https:\/\/jornalismounaerp.com.br\/faro\/wp-content\/uploads\/2024\/11\/Logo-Nova-Jor.png","contentUrl":"https:\/\/jornalismounaerp.com.br\/faro\/wp-content\/uploads\/2024\/11\/Logo-Nova-Jor.png","width":817,"height":340},{"@type":"BreadcrumbList","@id":"https:\/\/jornalismounaerp.com.br\/faro\/expediente\/#breadcrumb","itemListElement":[{"@type":"ListItem","position":1,"name":"In\u00edcio","item":"https:\/\/jornalismounaerp.com.br\/faro\/"},{"@type":"ListItem","position":2,"name":"Expediente"}]},{"@type":"WebSite","@id":"https:\/\/jornalismounaerp.com.br\/faro\/#website","url":"https:\/\/jornalismounaerp.com.br\/faro\/","name":"FARO","description":"F\u00e1brica Acad\u00eamica de Reportagens On-line","publisher":{"@id":"https:\/\/jornalismounaerp.com.br\/faro\/#organization"},"potentialAction":[{"@type":"SearchAction","target":{"@type":"EntryPoint","urlTemplate":"https:\/\/jornalismounaerp.com.br\/faro\/?s={search_term_string}"},"query-input":{"@type":"PropertyValueSpecification","valueRequired":true,"valueName":"search_term_string"}}],"inLanguage":"pt-BR"},{"@type":"Organization","@id":"https:\/\/jornalismounaerp.com.br\/faro\/#organization","name":"F\u00e1brica Acad\u00eamica de Reportagens On-line","url":"https:\/\/jornalismounaerp.com.br\/faro\/","logo":{"@type":"ImageObject","inLanguage":"pt-BR","@id":"https:\/\/jornalismounaerp.com.br\/faro\/#\/schema\/logo\/image\/","url":"https:\/\/jornalismounaerp.com.br\/faro\/wp-content\/uploads\/2024\/10\/farosocial.jpg","contentUrl":"https:\/\/jornalismounaerp.com.br\/faro\/wp-content\/uploads\/2024\/10\/farosocial.jpg","width":600,"height":400,"caption":"F\u00e1brica Acad\u00eamica de Reportagens On-line"},"image":{"@id":"https:\/\/jornalismounaerp.com.br\/faro\/#\/schema\/logo\/image\/"}}]}},"_links":{"self":[{"href":"https:\/\/jornalismounaerp.com.br\/faro\/wp-json\/wp\/v2\/pages\/489","targetHints":{"allow":["GET"]}}],"collection":[{"href":"https:\/\/jornalismounaerp.com.br\/faro\/wp-json\/wp\/v2\/pages"}],"about":[{"href":"https:\/\/jornalismounaerp.com.br\/faro\/wp-json\/wp\/v2\/types\/page"}],"author":[{"embeddable":true,"href":"https:\/\/jornalismounaerp.com.br\/faro\/wp-json\/wp\/v2\/users\/1"}],"replies":[{"embeddable":true,"href":"https:\/\/jornalismounaerp.com.br\/faro\/wp-json\/wp\/v2\/comments?post=489"}],"version-history":[{"count":3,"href":"https:\/\/jornalismounaerp.com.br\/faro\/wp-json\/wp\/v2\/pages\/489\/revisions"}],"predecessor-version":[{"id":2509,"href":"https:\/\/jornalismounaerp.com.br\/faro\/wp-json\/wp\/v2\/pages\/489\/revisions\/2509"}],"wp:attachment":[{"href":"https:\/\/jornalismounaerp.com.br\/faro\/wp-json\/wp\/v2\/media?parent=489"}],"curies":[{"name":"wp","href":"https:\/\/api.w.org\/{rel}","templated":true}]}}